{"id":6115,"date":"2014-08-15T13:12:16","date_gmt":"2014-08-15T11:12:16","guid":{"rendered":"http:\/\/blog.autoreparaturen.de\/?page_id=6115"},"modified":"2019-05-08T12:14:54","modified_gmt":"2019-05-08T10:14:54","slug":"themenuebersicht","status":"publish","type":"page","link":"https:\/\/www.autoreparaturen.de\/blog\/themenuebersicht","title":{"rendered":"Themen\u00fcbersicht in unserem Autoreparaturen.de Blog"},"content":{"rendered":"<p>Hier finden Sie eine \u00dcbersicht unserer Themen. Klicken Sie auf das gew\u00fcnschte Thema, um es zu \u00f6ffnen.<\/p>\n<p>[insert_php]<br \/>\n\/*<br \/>\nTemplate Name: Tags<br \/>\n*\/<\/p>\n<p>\/* Process<br \/>\n================================================= *\/<br \/>\n$list = &#8220;;<br \/>\n$tags = get_terms( &#8218;post_tag&#8216; );<br \/>\n$groups = array();<br \/>\nif( $tags &amp;&amp; is_array( $tags ) ) {<br \/>\nforeach( $tags as $tag ) {<br \/>\n$first_letter = strtoupper( $tag-&gt;name[0] );<br \/>\n$groups[ $first_letter ][] = $tag;<br \/>\n}<br \/>\nif( !empty( $groups ) ) {<br \/>\nforeach( $groups as $letter =&gt; $tags ) {<br \/>\n$list .= &#8222;\\n\\t&#8220; . &#8218;<\/p>\n<h2>&#8218; . apply_filters( &#8218;the_title&#8216;, $letter ) . &#8218;<\/h2>\n<p>&#8218;;<br \/>\n$list .= &#8222;\\n\\t&#8220; . &#8218;<\/p>\n<ul>&#8218;;<br \/>\nforeach( $tags as $tag ) {<br \/>\n$url = attribute_escape( get_tag_link( $tag-&gt;term_id ) );<br \/>\n$count = intval( $tag-&gt;count );<br \/>\n$name = apply_filters( &#8218;the_title&#8216;, $tag-&gt;name );<br \/>\n$list .= &#8222;\\n\\t\\t&#8220; . &#8218;<\/p>\n<li>&#8218; . $name . &#8218;<\/li>\n<p>&#8218;;<br \/>\n}<br \/>\n$list .= &#8222;\\n\\t&#8220; . &#8218;<\/ul>\n<p>&#8218;;<br \/>\n}<br \/>\n}<br \/>\n}else $list .= &#8222;\\n\\t&#8220; . &#8218;<\/p>\n<p>Sorry, but no tags were found<\/p>\n<p>&#8218;;[\/insert_php]<\/p>\n<p>[insert_php] print $list; [\/insert_php]<\/p>\n","protected":false},"excerpt":{"rendered":"<p>Hier finden Sie eine \u00dcbersicht unserer Themen. Klicken Sie auf das gew\u00fcnschte Thema, um es zu \u00f6ffnen. [insert_php] \/* Template Name: Tags *\/ \/* Process ================================================= *\/ $list = &#8220;; $tags = get_terms( &#8218;post_tag&#8216; ); $groups = array(); if( $tags &amp;&amp; is_array( $tags ) ) { foreach( $tags as $tag ) { $first_letter = strtoupper( &#8230; <br \/><a class=\"read-more\" href=\"https:\/\/www.autoreparaturen.de\/blog\/themenuebersicht\">Weiterlesen<\/a><\/p>\n","protected":false},"author":1,"featured_media":0,"parent":0,"menu_order":0,"comment_status":"closed","ping_status":"closed","template":"","meta":{"footnotes":""},"class_list":["post-6115","page","type-page","status-publish","hentry"],"_links":{"self":[{"href":"https:\/\/www.autoreparaturen.de\/blog\/wp-json\/wp\/v2\/pages\/6115","targetHints":{"allow":["GET"]}}],"collection":[{"href":"https:\/\/www.autoreparaturen.de\/blog\/wp-json\/wp\/v2\/pages"}],"about":[{"href":"https:\/\/www.autoreparaturen.de\/blog\/wp-json\/wp\/v2\/types\/page"}],"author":[{"embeddable":true,"href":"https:\/\/www.autoreparaturen.de\/blog\/wp-json\/wp\/v2\/users\/1"}],"replies":[{"embeddable":true,"href":"https:\/\/www.autoreparaturen.de\/blog\/wp-json\/wp\/v2\/comments?post=6115"}],"version-history":[{"count":13,"href":"https:\/\/www.autoreparaturen.de\/blog\/wp-json\/wp\/v2\/pages\/6115\/revisions"}],"predecessor-version":[{"id":15614,"href":"https:\/\/www.autoreparaturen.de\/blog\/wp-json\/wp\/v2\/pages\/6115\/revisions\/15614"}],"wp:attachment":[{"href":"https:\/\/www.autoreparaturen.de\/blog\/wp-json\/wp\/v2\/media?parent=6115"}],"curies":[{"name":"wp","href":"https:\/\/api.w.org\/{rel}","templated":true}]}}